{"id":129,"date":"2018-08-27T12:16:33","date_gmt":"2018-08-27T12:16:33","guid":{"rendered":"http:\/\/contabilmaires.com.br\/?page_id=129"},"modified":"2020-12-16T11:29:08","modified_gmt":"2020-12-16T14:29:08","slug":"services","status":"publish","type":"page","link":"https:\/\/contabilmaires.com.br\/?page_id=129","title":{"rendered":"Services"},"content":{"rendered":"\t\t<div data-elementor-type=\"wp-post\" data-elementor-id=\"129\" class=\"elementor elementor-129\">\n\t\t\t\t\t\t<section class=\"elementor-section elementor-top-section elementor-element elementor-element-226bc03 elementor-section-boxed elementor-section-height-default elementor-section-height-default\" data-id=\"226bc03\" data-element_type=\"section\" data-settings=\"{&quot;background_background&quot;:&quot;classic&quot;}\">\n\t\t\t\t\t\t\t<div class=\"elementor-background-overlay\"><\/div>\n\t\t\t\t\t\t\t<div class=\"elementor-container elementor-column-gap-no\">\n\t\t\t\t\t<div class=\"elementor-column elementor-col-100 elementor-top-column elementor-element elementor-element-50d1d5b\" data-id=\"50d1d5b\" data-element_type=\"column\">\n\t\t\t<div class=\"elementor-widget-wrap elementor-element-populated\">\n\t\t\t\t\t\t<div class=\"elementor-element elementor-element-256d48a elementor-widget elementor-widget-heading\" data-id=\"256d48a\" data-element_type=\"widget\" data-widget_type=\"heading.default\">\n\t\t\t\t<div class=\"elementor-widget-container\">\n\t\t\t\t\t<h5 class=\"elementor-heading-title elementor-size-default\">Servi\u00e7os<\/h5>\t\t\t\t<\/div>\n\t\t\t\t<\/div>\n\t\t\t\t<div class=\"elementor-element elementor-element-8c0d8b6 elementor-widget elementor-widget-heading\" data-id=\"8c0d8b6\" data-element_type=\"widget\" data-widget_type=\"heading.default\">\n\t\t\t\t<div class=\"elementor-widget-container\">\n\t\t\t\t\t<h1 class=\"elementor-heading-title elementor-size-default\">O que fazemos<\/h1>\t\t\t\t<\/div>\n\t\t\t\t<\/div>\n\t\t\t\t\t<\/div>\n\t\t<\/div>\n\t\t\t\t\t<\/div>\n\t\t<\/section>\n\t\t\t\t<section class=\"elementor-section elementor-top-section elementor-element elementor-element-df83d1b elementor-section-boxed elementor-section-height-default elementor-section-height-default\" data-id=\"df83d1b\" data-element_type=\"section\">\n\t\t\t\t\t\t<div class=\"elementor-container elementor-column-gap-default\">\n\t\t\t\t\t<div class=\"elementor-column elementor-col-100 elementor-top-column elementor-element elementor-element-c7a12ec\" data-id=\"c7a12ec\" data-element_type=\"column\">\n\t\t\t<div class=\"elementor-widget-wrap elementor-element-populated\">\n\t\t\t\t\t\t<section class=\"elementor-section elementor-inner-section elementor-element elementor-element-9cae0d9 elementor-section-boxed elementor-section-height-default elementor-section-height-default\" data-id=\"9cae0d9\" data-element_type=\"section\">\n\t\t\t\t\t\t<div class=\"elementor-container elementor-column-gap-no\">\n\t\t\t\t\t<div class=\"elementor-column elementor-col-50 elementor-inner-column elementor-element elementor-element-d87b051\" data-id=\"d87b051\" data-element_type=\"column\" data-settings=\"{&quot;background_background&quot;:&quot;classic&quot;}\">\n\t\t\t<div class=\"elementor-widget-wrap elementor-element-populated\">\n\t\t\t\t\t\t<div class=\"elementor-element elementor-element-9a32ec8 elementor-widget elementor-widget-image\" data-id=\"9a32ec8\" data-element_type=\"widget\" data-widget_type=\"image.default\">\n\t\t\t\t<div class=\"elementor-widget-container\">\n\t\t\t\t\t\t\t\t\t\t\t\t\t\t\t<img fetchpriority=\"high\" decoding=\"async\" width=\"400\" height=\"400\" src=\"https:\/\/contabilmaires.com.br\/wp-content\/uploads\/2019\/06\/feature2-free-img-1.png\" class=\"attachment-full size-full wp-image-126\" alt=\"\" srcset=\"https:\/\/contabilmaires.com.br\/wp-content\/uploads\/2019\/06\/feature2-free-img-1.png 400w, https:\/\/contabilmaires.com.br\/wp-content\/uploads\/2019\/06\/feature2-free-img-1-300x300.png 300w, https:\/\/contabilmaires.com.br\/wp-content\/uploads\/2019\/06\/feature2-free-img-1-150x150.png 150w\" sizes=\"(max-width: 400px) 100vw, 400px\" \/>\t\t\t\t\t\t\t\t\t\t\t\t\t\t\t<\/div>\n\t\t\t\t<\/div>\n\t\t\t\t\t<\/div>\n\t\t<\/div>\n\t\t\t\t<div class=\"elementor-column elementor-col-50 elementor-inner-column elementor-element elementor-element-62294be\" data-id=\"62294be\" data-element_type=\"column\">\n\t\t\t<div class=\"elementor-widget-wrap elementor-element-populated\">\n\t\t\t\t\t\t<div class=\"elementor-element elementor-element-658d8e1 elementor-widget elementor-widget-heading\" data-id=\"658d8e1\" data-element_type=\"widget\" data-widget_type=\"heading.default\">\n\t\t\t\t<div class=\"elementor-widget-container\">\n\t\t\t\t\t<h2 class=\"elementor-heading-title elementor-size-default\">Contabilidade Geral<\/h2>\t\t\t\t<\/div>\n\t\t\t\t<\/div>\n\t\t\t\t<div class=\"elementor-element elementor-element-e5338dd elementor-widget elementor-widget-heading\" data-id=\"e5338dd\" data-element_type=\"widget\" data-widget_type=\"heading.default\">\n\t\t\t\t<div class=\"elementor-widget-container\">\n\t\t\t\t\t<h4 class=\"elementor-heading-title elementor-size-default\">O que fazemos:<\/h4>\t\t\t\t<\/div>\n\t\t\t\t<\/div>\n\t\t\t\t<div class=\"elementor-element elementor-element-3d71008 elementor-widget elementor-widget-text-editor\" data-id=\"3d71008\" data-element_type=\"widget\" data-widget_type=\"text-editor.default\">\n\t\t\t\t<div class=\"elementor-widget-container\">\n\t\t\t\t\t\t\t\t\t<p><span style=\"font-size: 15.0pt; font-family: 'Arial',sans-serif; mso-fareast-font-family: 'Times New Roman'; color: #727272; mso-fareast-language: PT-BR;\">\u00a0 Realizamos todos os nossos servi\u00e7os online para todo o Territ\u00f3rio\u00a0 \u00a0 \u00a0 Nacional.<\/span><\/p><ul><li class=\"MsoNormal\" style=\"line-height: 28.5pt;\"><span style=\"font-size: 15.0pt; font-family: 'Arial',sans-serif; mso-fareast-font-family: 'Times New Roman'; color: #727272; mso-fareast-language: PT-BR;\">Elabora\u00e7\u00e3o de Contratos, Contrato Social, Requerimento de Empres\u00e1rio Individual e Requerimento do Micro Empreendedor Individual (MEI)<\/span><\/li><li class=\"MsoNormal\" style=\"line-height: 28.5pt;\"><span style=\"font-size: 15.0pt; font-family: 'Arial',sans-serif; mso-fareast-font-family: 'Times New Roman'; color: #727272; mso-fareast-language: PT-BR;\">Inscri\u00e7\u00e3o Municipal, Estadual com Emiss\u00e3o de CNPJ<\/span><\/li><li class=\"MsoNormal\" style=\"line-height: 28.5pt;\"><span style=\"font-size: 15.0pt; font-family: 'Arial',sans-serif; mso-fareast-font-family: 'Times New Roman'; color: #727272; mso-fareast-language: PT-BR;\">Fazemos a consulta da empresa e a regularizamos\u00a0<\/span><\/li><li class=\"MsoNormal\" style=\"line-height: 28.5pt;\"><span style=\"font-size: 15.0pt; font-family: 'Arial',sans-serif; mso-fareast-font-family: 'Times New Roman'; color: #727272; mso-fareast-language: PT-BR;\">\u00a0An\u00e1lise de melhor enquadramento fiscal para redu\u00e7\u00e3o de impostos<\/span><\/li><li class=\"MsoNormal\" style=\"mso-margin-top-alt: auto; mso-margin-bottom-alt: auto; line-height: 28.5pt;\"><span style=\"font-size: 15.0pt; font-family: 'Arial',sans-serif; mso-fareast-font-family: 'Times New Roman'; color: #727272; mso-fareast-language: PT-BR;\">\u00a0Senha Web para emiss\u00e3o de NFS-e ou NF-e<\/span><\/li><li class=\"MsoNormal\" style=\"line-height: 28.5pt;\"><span style=\"font-size: 15.0pt; font-family: 'Arial',sans-serif; mso-fareast-font-family: 'Times New Roman'; color: #727272; mso-fareast-language: PT-BR;\">Agendamento para obten\u00e7\u00e3o de Certificado Digital\u00a0<\/span><\/li><li class=\"MsoNormal\" style=\"mso-margin-top-alt: auto; mso-margin-bottom-alt: auto; line-height: 28.5pt;\"><span style=\"font-size: 15.0pt; font-family: 'Arial',sans-serif; mso-fareast-font-family: 'Times New Roman'; color: #727272; mso-fareast-language: PT-BR;\">\u00a0Pesquisa do nome empresarial e da marca escolhida<\/span><\/li><li class=\"MsoNormal\" style=\"line-height: 28.5pt;\"><span style=\"font-size: 15.0pt; font-family: 'Arial',sans-serif; mso-fareast-font-family: 'Times New Roman'; color: #727272; mso-fareast-language: PT-BR;\">\u00a0Cadastros em Geral<br \/>Alvar\u00e1s: Municipal, ANVISA, CETESB e Viabilidade<\/span><\/li><li class=\"MsoNormal\" style=\"line-height: 28.5pt;\"><span style=\"font-size: 15.0pt; font-family: 'Arial',sans-serif; mso-fareast-font-family: 'Times New Roman'; color: #727272; mso-fareast-language: PT-BR;\">Certid\u00e3o negativa de d\u00e9bitos.<\/span><\/li><li class=\"MsoNormal\" style=\"line-height: 28.5pt;\"><span style=\"font-size: 15.0pt; font-family: 'Arial',sans-serif; mso-fareast-font-family: 'Times New Roman'; color: #727272; mso-fareast-language: PT-BR;\">\u00a0Escrita Fiscal, balan\u00e7o e balancete.<\/span><\/li><li class=\"MsoNormal\" style=\"line-height: 28.5pt;\"><span style=\"font-size: 15.0pt; font-family: 'Arial',sans-serif; mso-fareast-font-family: 'Times New Roman'; color: #727272; mso-fareast-language: PT-BR;\">Demonstrativos de faturamento, Pr\u00f3-labore, Decore.\u00a0<\/span><\/li><\/ul>\t\t\t\t\t\t\t\t<\/div>\n\t\t\t\t<\/div>\n\t\t\t\t\t<\/div>\n\t\t<\/div>\n\t\t\t\t\t<\/div>\n\t\t<\/section>\n\t\t\t\t\t<\/div>\n\t\t<\/div>\n\t\t\t\t\t<\/div>\n\t\t<\/section>\n\t\t\t\t<section class=\"elementor-section elementor-top-section elementor-element elementor-element-8dee561 elementor-section-content-middle elementor-section-boxed elementor-section-height-default elementor-section-height-default\" data-id=\"8dee561\" data-element_type=\"section\" data-settings=\"{&quot;background_background&quot;:&quot;classic&quot;}\">\n\t\t\t\t\t\t<div class=\"elementor-container elementor-column-gap-no\">\n\t\t\t\t\t<div class=\"elementor-column elementor-col-100 elementor-top-column elementor-element elementor-element-2fa39b7\" data-id=\"2fa39b7\" data-element_type=\"column\">\n\t\t\t<div class=\"elementor-widget-wrap elementor-element-populated\">\n\t\t\t\t\t\t<section class=\"elementor-section elementor-inner-section elementor-element elementor-element-c35c7f3 elementor-reverse-mobile elementor-section-boxed elementor-section-height-default elementor-section-height-default\" data-id=\"c35c7f3\" data-element_type=\"section\">\n\t\t\t\t\t\t<div class=\"elementor-container elementor-column-gap-no\">\n\t\t\t\t\t<div class=\"elementor-column elementor-col-50 elementor-inner-column elementor-element elementor-element-7e32c6a\" data-id=\"7e32c6a\" data-element_type=\"column\">\n\t\t\t<div class=\"elementor-widget-wrap elementor-element-populated\">\n\t\t\t\t\t\t<div class=\"elementor-element elementor-element-b557efc elementor-widget elementor-widget-heading\" data-id=\"b557efc\" data-element_type=\"widget\" data-widget_type=\"heading.default\">\n\t\t\t\t<div class=\"elementor-widget-container\">\n\t\t\t\t\t<h2 class=\"elementor-heading-title elementor-size-default\">Imposto de Renda <\/h2>\t\t\t\t<\/div>\n\t\t\t\t<\/div>\n\t\t\t\t<div class=\"elementor-element elementor-element-ddb6714 elementor-widget elementor-widget-heading\" data-id=\"ddb6714\" data-element_type=\"widget\" data-widget_type=\"heading.default\">\n\t\t\t\t<div class=\"elementor-widget-container\">\n\t\t\t\t\t<h4 class=\"elementor-heading-title elementor-size-default\">Declara\u00e7\u00e3o de Imposto de renda pessoa f\u00edsica e jur\u00eddica<br><\/h4>\t\t\t\t<\/div>\n\t\t\t\t<\/div>\n\t\t\t\t<div class=\"elementor-element elementor-element-e6c3169 elementor-widget elementor-widget-text-editor\" data-id=\"e6c3169\" data-element_type=\"widget\" data-widget_type=\"text-editor.default\">\n\t\t\t\t<div class=\"elementor-widget-container\">\n\t\t\t\t\t\t\t\t\t<p><span style=\"font-size: 14pt; font-family: Arial, sans-serif; color: gray;\">Fazemos a declara\u00e7\u00e3o de imposto de renda pessoa f\u00edsica e jur\u00eddica,\ndesde a mais simples \u00e1 mais complexa. Possu\u00edmos mais de 40 anos de experi\u00eancia\nnessa \u00e1rea<\/span><span style=\"font-size: 11.5pt; font-family: Arial, sans-serif; background-image: initial; background-position: initial; background-size: initial; background-repeat: initial; background-attachment: initial; background-origin: initial; background-clip: initial;\">.<\/span><br><\/p>\t\t\t\t\t\t\t\t<\/div>\n\t\t\t\t<\/div>\n\t\t\t\t<div class=\"elementor-element elementor-element-e7c6d57 elementor-widget elementor-widget-heading\" data-id=\"e7c6d57\" data-element_type=\"widget\" data-widget_type=\"heading.default\">\n\t\t\t\t<div class=\"elementor-widget-container\">\n\t\t\t\t\t<h4 class=\"elementor-heading-title elementor-size-default\">Regulariza\u00e7\u00e3o de CPF<\/h4>\t\t\t\t<\/div>\n\t\t\t\t<\/div>\n\t\t\t\t<div class=\"elementor-element elementor-element-675f57b elementor-widget elementor-widget-text-editor\" data-id=\"675f57b\" data-element_type=\"widget\" data-widget_type=\"text-editor.default\">\n\t\t\t\t<div class=\"elementor-widget-container\">\n\t\t\t\t\t\t\t\t\t<p><span style=\"font-size: 14.0pt; font-family: 'Arial',sans-serif; color: gray;\">Fazemos a consulta do seu CPF e regularizamos qualquer tipo de bloqueio,\u00a0suspen\u00e7\u00e3o ou pend\u00eancia de regulariza\u00e7\u00e3o.\u00a0<\/span><\/p><p><span style=\"background-image: initial; background-position: initial; background-size: initial; background-repeat: initial; background-attachment: initial; background-origin: initial; background-clip: initial;\"><span style=\"font-size: 14.0pt; font-family: 'Arial',sans-serif; color: gray;\">Analisamos a\u00a0 situa\u00e7\u00e3o das suas declara\u00e7\u00f5es atual e anteriores, e regularizamos de acordo com as exig\u00eancias da Receita Federal.<\/span><\/span><\/p><p style=\"font-size: 15px; font-style: normal; font-weight: 400; color: #020101;\">\u00a0<\/p><p><span style=\"font-size: 14.0pt; font-family: 'Arial',sans-serif; color: gray;\">Criamos o c\u00f3digo de acesso, atrav\u00e9s do Portal do\u00a0Ecac e fazemos o acompanhamento de todas as declara\u00e7\u00f5es enviadas.\u00a0<\/span><\/p>\t\t\t\t\t\t\t\t<\/div>\n\t\t\t\t<\/div>\n\t\t\t\t\t<\/div>\n\t\t<\/div>\n\t\t\t\t<div class=\"elementor-column elementor-col-50 elementor-inner-column elementor-element elementor-element-d9a83c5\" data-id=\"d9a83c5\" data-element_type=\"column\" data-settings=\"{&quot;background_background&quot;:&quot;classic&quot;}\">\n\t\t\t<div class=\"elementor-widget-wrap elementor-element-populated\">\n\t\t\t\t\t\t<div class=\"elementor-element elementor-element-ef66f5e elementor-widget elementor-widget-image\" data-id=\"ef66f5e\" data-element_type=\"widget\" data-widget_type=\"image.default\">\n\t\t\t\t<div class=\"elementor-widget-container\">\n\t\t\t\t\t\t\t\t\t\t\t\t\t\t\t<img decoding=\"async\" width=\"400\" height=\"400\" src=\"https:\/\/contabilmaires.com.br\/wp-content\/uploads\/2019\/06\/feature1-free-img-1.png\" class=\"attachment-full size-full wp-image-125\" alt=\"\" srcset=\"https:\/\/contabilmaires.com.br\/wp-content\/uploads\/2019\/06\/feature1-free-img-1.png 400w, https:\/\/contabilmaires.com.br\/wp-content\/uploads\/2019\/06\/feature1-free-img-1-300x300.png 300w, https:\/\/contabilmaires.com.br\/wp-content\/uploads\/2019\/06\/feature1-free-img-1-150x150.png 150w\" sizes=\"(max-width: 400px) 100vw, 400px\" \/>\t\t\t\t\t\t\t\t\t\t\t\t\t\t\t<\/div>\n\t\t\t\t<\/div>\n\t\t\t\t\t<\/div>\n\t\t<\/div>\n\t\t\t\t\t<\/div>\n\t\t<\/section>\n\t\t\t\t\t<\/div>\n\t\t<\/div>\n\t\t\t\t\t<\/div>\n\t\t<\/section>\n\t\t\t\t<section class=\"elementor-section elementor-top-section elementor-element elementor-element-3d72de5 elementor-section-boxed elementor-section-height-default elementor-section-height-default\" data-id=\"3d72de5\" data-element_type=\"section\">\n\t\t\t\t\t\t<div class=\"elementor-container elementor-column-gap-default\">\n\t\t\t\t\t<div class=\"elementor-column elementor-col-100 elementor-top-column elementor-element elementor-element-ba3f0b9\" data-id=\"ba3f0b9\" data-element_type=\"column\">\n\t\t\t<div class=\"elementor-widget-wrap elementor-element-populated\">\n\t\t\t\t\t\t<section class=\"elementor-section elementor-inner-section elementor-element elementor-element-9c81e0f elementor-section-boxed elementor-section-height-default elementor-section-height-default\" data-id=\"9c81e0f\" data-element_type=\"section\">\n\t\t\t\t\t\t<div class=\"elementor-container elementor-column-gap-no\">\n\t\t\t\t\t<div class=\"elementor-column elementor-col-50 elementor-inner-column elementor-element elementor-element-d433f80\" data-id=\"d433f80\" data-element_type=\"column\" data-settings=\"{&quot;background_background&quot;:&quot;classic&quot;}\">\n\t\t\t<div class=\"elementor-widget-wrap elementor-element-populated\">\n\t\t\t\t\t\t<div class=\"elementor-element elementor-element-6636005 elementor-widget elementor-widget-image\" data-id=\"6636005\" data-element_type=\"widget\" data-widget_type=\"image.default\">\n\t\t\t\t<div class=\"elementor-widget-container\">\n\t\t\t\t\t\t\t\t\t\t\t\t\t\t\t<img decoding=\"async\" width=\"400\" height=\"400\" src=\"https:\/\/contabilmaires.com.br\/wp-content\/uploads\/2019\/06\/feature3-free-img-1.png\" class=\"attachment-full size-full wp-image-130\" alt=\"\" srcset=\"https:\/\/contabilmaires.com.br\/wp-content\/uploads\/2019\/06\/feature3-free-img-1.png 400w, https:\/\/contabilmaires.com.br\/wp-content\/uploads\/2019\/06\/feature3-free-img-1-300x300.png 300w, https:\/\/contabilmaires.com.br\/wp-content\/uploads\/2019\/06\/feature3-free-img-1-150x150.png 150w\" sizes=\"(max-width: 400px) 100vw, 400px\" \/>\t\t\t\t\t\t\t\t\t\t\t\t\t\t\t<\/div>\n\t\t\t\t<\/div>\n\t\t\t\t\t<\/div>\n\t\t<\/div>\n\t\t\t\t<div class=\"elementor-column elementor-col-50 elementor-inner-column elementor-element elementor-element-c1f67ee\" data-id=\"c1f67ee\" data-element_type=\"column\">\n\t\t\t<div class=\"elementor-widget-wrap elementor-element-populated\">\n\t\t\t\t\t\t<div class=\"elementor-element elementor-element-67ebfdc elementor-widget elementor-widget-heading\" data-id=\"67ebfdc\" data-element_type=\"widget\" data-widget_type=\"heading.default\">\n\t\t\t\t<div class=\"elementor-widget-container\">\n\t\t\t\t\t<h2 class=\"elementor-heading-title elementor-size-default\">Departamento Pessoal\n<\/h2>\t\t\t\t<\/div>\n\t\t\t\t<\/div>\n\t\t\t\t<div class=\"elementor-element elementor-element-da5ae97 elementor-widget elementor-widget-text-editor\" data-id=\"da5ae97\" data-element_type=\"widget\" data-widget_type=\"text-editor.default\">\n\t\t\t\t<div class=\"elementor-widget-container\">\n\t\t\t\t\t\t\t\t\t<ul><li><span style=\"font-size: 14.0pt; font-family: 'Arial',sans-serif; color: gray;\">Admiss\u00e3o \u2013 cadastro e registro do funcion\u00e1rio, elabora\u00e7\u00e3o de<br \/>contrato de trabalho, cadastro no PIS, para o trabalhador em primeiro emprego, encaminhamento para exame admissional e demais a\u00e7\u00f5es de acordo com a legisla\u00e7\u00e3o<br \/>trabalhista;<\/span><\/li><li><span style=\"color: gray; font-family: Arial, sans-serif; font-size: 14pt;\">Elabora\u00e7\u00e3o de folha de pagamento e relat\u00f3rios, utilizando sistemas de alta tecnologia;<\/span><\/li><li><span style=\"font-size: 14.0pt; font-family: 'Arial',sans-serif; color: gray;\">Emiss\u00e3o de Holerites;<\/span><\/li><li><span style=\"color: gray; font-family: Arial, sans-serif; font-size: 14pt;\">C\u00e1lculos de 13\u00ba sal\u00e1rio e f\u00e9rias;<\/span><\/li><li><span style=\"font-size: 14.0pt; font-family: 'Arial',sans-serif; color: gray;\">Cadastro e gerenciamento da empresa no E-social;<\/span><\/li><li><span style=\"font-size: 14.0pt; font-family: 'Arial',sans-serif; color: gray;\">Elabora\u00e7\u00e3o do CAGED e preenchimento da RAIS;<\/span><\/li><li><span style=\"font-size: 14.0pt; font-family: 'Arial',sans-serif; color: gray;\">Emiss\u00e3o das guias de FGTS e GPS, conforme legisla\u00e7\u00e3o;<\/span><\/li><li><span style=\"font-size: 14.0pt; font-family: 'Arial',sans-serif; color: gray;\">Demiss\u00e3o &#8211; c\u00e1lculos rescis\u00f3rios, emiss\u00e3o de guia do seguro-desemprego, homologa\u00e7\u00e3o e apoio no desligamento de funcion\u00e1rios;<\/span><\/li><\/ul><p style=\"margin-left: 18pt;\"><span style=\"flex-shrink: 0;\">\u00a0<\/span><\/p>\t\t\t\t\t\t\t\t<\/div>\n\t\t\t\t<\/div>\n\t\t\t\t\t<\/div>\n\t\t<\/div>\n\t\t\t\t\t<\/div>\n\t\t<\/section>\n\t\t\t\t\t<\/div>\n\t\t<\/div>\n\t\t\t\t\t<\/div>\n\t\t<\/section>\n\t\t\t\t<section class=\"elementor-section elementor-top-section elementor-element elementor-element-c1a8f9e elementor-section-content-middle elementor-section-boxed elementor-section-height-default elementor-section-height-default\" data-id=\"c1a8f9e\" data-element_type=\"section\" data-settings=\"{&quot;background_background&quot;:&quot;classic&quot;}\">\n\t\t\t\t\t\t\t<div class=\"elementor-background-overlay\"><\/div>\n\t\t\t\t\t\t\t<div class=\"elementor-container elementor-column-gap-no\">\n\t\t\t\t\t<div class=\"elementor-column elementor-col-50 elementor-top-column elementor-element elementor-element-660b37d\" data-id=\"660b37d\" data-element_type=\"column\">\n\t\t\t<div class=\"elementor-widget-wrap elementor-element-populated\">\n\t\t\t\t\t\t<div class=\"elementor-element elementor-element-fe81238 elementor-widget elementor-widget-heading\" data-id=\"fe81238\" data-element_type=\"widget\" data-widget_type=\"heading.default\">\n\t\t\t\t<div class=\"elementor-widget-container\">\n\t\t\t\t\t<h2 class=\"elementor-heading-title elementor-size-default\">Solicite um or\u00e7amento<\/h2>\t\t\t\t<\/div>\n\t\t\t\t<\/div>\n\t\t\t\t<div class=\"elementor-element elementor-element-30d58e6 elementor-widget elementor-widget-text-editor\" data-id=\"30d58e6\" data-element_type=\"widget\" data-widget_type=\"text-editor.default\">\n\t\t\t\t<div class=\"elementor-widget-container\">\n\t\t\t\t\t\t\t\t\t<p>Cuide dos seus neg\u00f3cios, que n\u00f3s cuidaremos de toda \u00e1rea cont\u00e1bil.<\/p>\t\t\t\t\t\t\t\t<\/div>\n\t\t\t\t<\/div>\n\t\t\t\t\t<\/div>\n\t\t<\/div>\n\t\t\t\t<div class=\"elementor-column elementor-col-50 elementor-top-column elementor-element elementor-element-4c93fc1\" data-id=\"4c93fc1\" data-element_type=\"column\">\n\t\t\t<div class=\"elementor-widget-wrap elementor-element-populated\">\n\t\t\t\t\t\t<div class=\"elementor-element elementor-element-2db2b00 elementor-align-right elementor-mobile-align-center elementor-widget elementor-widget-button\" data-id=\"2db2b00\" data-element_type=\"widget\" data-widget_type=\"button.default\">\n\t\t\t\t<div class=\"elementor-widget-container\">\n\t\t\t\t\t\t\t\t\t<div class=\"elementor-button-wrapper\">\n\t\t\t\t\t<a class=\"elementor-button elementor-button-link elementor-size-md\" href=\"https:\/\/contabilmaires.com.br\/?page_id=16\">\n\t\t\t\t\t\t<span class=\"elementor-button-content-wrapper\">\n\t\t\t\t\t\t\t\t\t<span class=\"elementor-button-text\">Fale Conosco<\/span>\n\t\t\t\t\t<\/span>\n\t\t\t\t\t<\/a>\n\t\t\t\t<\/div>\n\t\t\t\t\t\t\t\t<\/div>\n\t\t\t\t<\/div>\n\t\t\t\t\t<\/div>\n\t\t<\/div>\n\t\t\t\t\t<\/div>\n\t\t<\/section>\n\t\t\t\t<\/div>\n\t\t","protected":false},"excerpt":{"rendered":"<p>Servi\u00e7os O que fazemos Contabilidade Geral O que fazemos: \u00a0 Realizamos todos os nossos servi\u00e7os online para todo o Territ\u00f3rio\u00a0 \u00a0 \u00a0 Nacional. Elabora\u00e7\u00e3o de Contratos, Contrato Social, Requerimento de Empres\u00e1rio Individual e Requerimento do Micro Empreendedor Individual (MEI) Inscri\u00e7\u00e3o Municipal, Estadual com Emiss\u00e3o de CNPJ Fazemos a consulta da empresa e a regularizamos\u00a0 \u00a0An\u00e1lise [&hellip;]<\/p>\n","protected":false},"author":1,"featured_media":0,"parent":0,"menu_order":0,"comment_status":"closed","ping_status":"closed","template":"","meta":{"_monsterinsights_skip_tracking":false,"_monsterinsights_sitenote_active":false,"_monsterinsights_sitenote_note":"","_monsterinsights_sitenote_category":0,"site-sidebar-layout":"default","site-content-layout":"page-builder","ast-site-content-layout":"default","site-content-style":"default","site-sidebar-style":"default","ast-global-header-display":"","ast-banner-title-visibility":"","ast-main-header-display":"","ast-hfb-above-header-display":"","ast-hfb-below-header-display":"","ast-hfb-mobile-header-display":"","site-post-title":"disabled","ast-breadcrumbs-content":"","ast-featured-img":"disabled","footer-sml-layout":"","theme-transparent-header-meta":"enabled","adv-header-id-meta":"","stick-header-meta":"","header-above-stick-meta":"","header-main-stick-meta":"","header-below-stick-meta":"","astra-migrate-meta-layouts":"default","ast-page-background-enabled":"default","ast-page-background-meta":{"desktop":{"background-color":"","background-image":"","background-repeat":"repeat","background-position":"center center","background-size":"auto","background-attachment":"scroll","background-type":"","background-media":"","overlay-type":"","overlay-color":"","overlay-opacity":"","overlay-gradient":""},"tablet":{"background-color":"","background-image":"","background-repeat":"repeat","background-position":"center center","background-size":"auto","background-attachment":"scroll","background-type":"","background-media":"","overlay-type":"","overlay-color":"","overlay-opacity":"","overlay-gradient":""},"mobile":{"background-color":"","background-image":"","background-repeat":"repeat","background-position":"center center","background-size":"auto","background-attachment":"scroll","background-type":"","background-media":"","overlay-type":"","overlay-color":"","overlay-opacity":"","overlay-gradient":""}},"ast-content-background-meta":{"desktop":{"background-color":"var(--ast-global-color-5)","background-image":"","background-repeat":"repeat","background-position":"center center","background-size":"auto","background-attachment":"scroll","background-type":"","background-media":"","overlay-type":"","overlay-color":"","overlay-opacity":"","overlay-gradient":""},"tablet":{"background-color":"var(--ast-global-color-5)","background-image":"","background-repeat":"repeat","background-position":"center center","background-size":"auto","background-attachment":"scroll","background-type":"","background-media":"","overlay-type":"","overlay-color":"","overlay-opacity":"","overlay-gradient":""},"mobile":{"background-color":"var(--ast-global-color-5)","background-image":"","background-repeat":"repeat","background-position":"center center","background-size":"auto","background-attachment":"scroll","background-type":"","background-media":"","overlay-type":"","overlay-color":"","overlay-opacity":"","overlay-gradient":""}},"footnotes":""},"class_list":["post-129","page","type-page","status-publish","hentry"],"_links":{"self":[{"href":"https:\/\/contabilmaires.com.br\/index.php?rest_route=\/wp\/v2\/pages\/129","targetHints":{"allow":["GET"]}}],"collection":[{"href":"https:\/\/contabilmaires.com.br\/index.php?rest_route=\/wp\/v2\/pages"}],"about":[{"href":"https:\/\/contabilmaires.com.br\/index.php?rest_route=\/wp\/v2\/types\/page"}],"author":[{"embeddable":true,"href":"https:\/\/contabilmaires.com.br\/index.php?rest_route=\/wp\/v2\/users\/1"}],"replies":[{"embeddable":true,"href":"https:\/\/contabilmaires.com.br\/index.php?rest_route=%2Fwp%2Fv2%2Fcomments&post=129"}],"version-history":[{"count":60,"href":"https:\/\/contabilmaires.com.br\/index.php?rest_route=\/wp\/v2\/pages\/129\/revisions"}],"predecessor-version":[{"id":484,"href":"https:\/\/contabilmaires.com.br\/index.php?rest_route=\/wp\/v2\/pages\/129\/revisions\/484"}],"wp:attachment":[{"href":"https:\/\/contabilmaires.com.br\/index.php?rest_route=%2Fwp%2Fv2%2Fmedia&parent=129"}],"curies":[{"name":"wp","href":"https:\/\/api.w.org\/{rel}","templated":true}]}}